{"id":2,"date":"2009-09-04T09:26:56","date_gmt":"2009-09-04T12:26:56","guid":{"rendered":"http:\/\/clarkrock.com.ar\/blog\/?page_id=2"},"modified":"2012-08-06T17:18:11","modified_gmt":"2012-08-06T20:18:11","slug":"acerca-de","status":"publish","type":"page","link":"http:\/\/clarkrock.com.ar\/blog\/?page_id=2","title":{"rendered":"Sobre Clark"},"content":{"rendered":"<p>CLARK es una banda formada en 2008 por Dar\u00edo y Mat\u00edas, que decidieron empezar a hacer temas y poder explorar diferentes tipos de m\u00fasica y f\u00e1cilmente empezaron a nacer los temas.<\/p>\n<div class='shareinpost'><ul class=\"socialwrap size24 row\"><li class=\"iconOnly\"><a rel=\"nofollow\" target=\"_blank\" style=\"display:block;background: transparent url(http:\/\/clarkrock.com.ar\/blog\/wp-content\/plugins\/share-and-follow\/default\/24\/facebook.png) no-repeat top left;height:24px;width:24px;\" class=\"facebook\"  href=\"http:\/\/www.facebook.com\/sharer.php?u=http%3A%2F%2Fclarkrock.com.ar%2Fblog%2F%3Fpage_id%3D2&amp;t=Sobre+Clark\" title=\"Recomenda a Sobre Clark de Clark en Facebook\"><span class=\"head\">Recomendanos en Facebook<\/span><\/a><\/li><li class=\"iconOnly\"><a rel=\"nofollow\" target=\"_blank\" style=\"display:block;background: transparent url(http:\/\/clarkrock.com.ar\/blog\/wp-content\/plugins\/share-and-follow\/default\/24\/google_buzz.png) no-repeat top left;height:24px;width:24px;\" class=\"google_buzz\"  href=\"http:\/\/www.google.com\/buzz\/post?url=http%3A%2F%2Fclarkrock.com.ar%2Fblog%2F%3Fpage_id%3D2&amp;title=Sobre+Clark\" title=\"Buzzea Sobre Clark de Clark!\"><span class=\"head\">Buzzea a Clark!<\/span><\/a><\/li><li class=\"iconOnly\"><a rel=\"nofollow\" target=\"_blank\" style=\"display:block;background: transparent url(http:\/\/clarkrock.com.ar\/blog\/wp-content\/plugins\/share-and-follow\/default\/24\/myspace.png) no-repeat top left;height:24px;width:24px;\" class=\"myspace\"  href=\"http:\/\/www.myspace.com\/Modules\/PostTo\/Pages\/?u=http%3A%2F%2Fclarkrock.com.ar%2Fblog%2F%3Fpage_id%3D2\" title=\"Comparti Sobre Clark de Clark via MySpace\"><span class=\"head\">Compartilo en MySpace!<\/span><\/a><\/li><li class=\"iconOnly\"><a rel=\"nofollow\" target=\"_blank\" style=\"display:block;background: transparent url(http:\/\/clarkrock.com.ar\/blog\/wp-content\/plugins\/share-and-follow\/default\/24\/twitter.png) no-repeat top left;height:24px;width:24px;\" class=\"twitter\" href=\"http:\/\/twitter.com\/home\/?status=http%3A%2F%2Fclarkrock.com.ar%2Fblog%2F%3Fpage_id%3D2\" title=\"Tweetea Sobre Clark de Clark en Twitter\"><span class=\"head\">Tweetea sobre nosotros!<\/span><\/a><\/li><li class=\"iconOnly\"><a rel=\"_self\" style=\"display:block;background: transparent url(http:\/\/clarkrock.com.ar\/blog\/wp-content\/plugins\/share-and-follow\/default\/24\/rss.png) no-repeat top left;height:24px;width:24px;\" class=\"rss\" title=\"Segui los comentarios de Sobre Clark del blog de Clark!\"><span class=\"head\">Suscribite al RSS de Clark<\/span><\/a><\/li><li class=\"iconOnly\"><a rel=\"_self\" style=\"display:block;background: transparent url(http:\/\/clarkrock.com.ar\/blog\/wp-content\/plugins\/share-and-follow\/default\/24\/email.png) no-repeat top left;height:24px;width:24px;\" class=\"email\" href=\"mailto:?subject=Clark%20:%20Sobre%20Clark&amp;body=Hola!\r\nTe%20mando%20este%20mail%20con%20un%20link%20interesante.%20%20http:\/\/clarkrock.com.ar\/blog\/?page_id=2\" title=\"Contale a un amigo sobre Sobre Clark de Clark\"><span class=\"head\">Contale a un amigo sobre Clark<\/span><\/a><\/li><\/ul><div class=\"clean\"><\/div> <\/div>","protected":false},"excerpt":{"rendered":"<p>CLARK es una banda formada en 2008 por Dar\u00edo y Mat\u00edas, que decidieron empezar a hacer temas y poder explorar diferentes tipos de m\u00fasica y f\u00e1cilmente empezaron a nacer los<\/p>\n","protected":false},"author":1,"featured_media":0,"parent":0,"menu_order":0,"comment_status":"open","ping_status":"open","template":"","meta":{"footnotes":""},"class_list":["post-2","page","type-page","status-publish","hentry"],"aioseo_notices":[],"_links":{"self":[{"href":"http:\/\/clarkrock.com.ar\/blog\/index.php?rest_route=\/wp\/v2\/pages\/2","targetHints":{"allow":["GET"]}}],"collection":[{"href":"http:\/\/clarkrock.com.ar\/blog\/index.php?rest_route=\/wp\/v2\/pages"}],"about":[{"href":"http:\/\/clarkrock.com.ar\/blog\/index.php?rest_route=\/wp\/v2\/types\/page"}],"author":[{"embeddable":true,"href":"http:\/\/clarkrock.com.ar\/blog\/index.php?rest_route=\/wp\/v2\/users\/1"}],"replies":[{"embeddable":true,"href":"http:\/\/clarkrock.com.ar\/blog\/index.php?rest_route=%2Fwp%2Fv2%2Fcomments&post=2"}],"version-history":[{"count":5,"href":"http:\/\/clarkrock.com.ar\/blog\/index.php?rest_route=\/wp\/v2\/pages\/2\/revisions"}],"predecessor-version":[{"id":83,"href":"http:\/\/clarkrock.com.ar\/blog\/index.php?rest_route=\/wp\/v2\/pages\/2\/revisions\/83"}],"wp:attachment":[{"href":"http:\/\/clarkrock.com.ar\/blog\/index.php?rest_route=%2Fwp%2Fv2%2Fmedia&parent=2"}],"curies":[{"name":"wp","href":"https:\/\/api.w.org\/{rel}","templated":true}]}}